{"id":115,"date":"2024-05-14T13:20:09","date_gmt":"2024-05-14T13:20:09","guid":{"rendered":"https:\/\/tyra.pro\/guasti\/?page_id=115"},"modified":"2024-06-06T18:08:56","modified_gmt":"2024-06-06T18:08:56","slug":"conversor-de-pagamentos","status":"publish","type":"page","link":"https:\/\/site.guasti.com.br\/index.php\/conversor-de-pagamentos\/","title":{"rendered":"Conversor de Pagamentos."},"content":{"rendered":"\t\t<div data-elementor-type=\"wp-page\" data-elementor-id=\"115\" class=\"elementor elementor-115\">\n\t\t\t\t<div class=\"elementor-element elementor-element-86ffa50 e-flex e-con-boxed e-con e-parent\" data-id=\"86ffa50\" data-element_type=\"container\" data-settings=\"{&quot;background_background&quot;:&quot;classic&quot;}\">\n\t\t\t\t\t<div class=\"e-con-inner\">\n\t\t<div class=\"elementor-element elementor-element-ca03b43 e-con-full e-flex e-con e-child\" data-id=\"ca03b43\" data-element_type=\"container\" data-settings=\"{&quot;background_background&quot;:&quot;classic&quot;}\">\n\t\t<div class=\"elementor-element elementor-element-4debbe0 e-flex e-con-boxed e-con e-child\" data-id=\"4debbe0\" data-element_type=\"container\">\n\t\t\t\t\t<div class=\"e-con-inner\">\n\t\t\t\t<div class=\"elementor-element elementor-element-3548836 animated-slow elementor-invisible elementor-widget elementor-widget-heading\" data-id=\"3548836\" data-element_type=\"widget\" data-settings=\"{&quot;_animation&quot;:&quot;fadeIn&quot;,&quot;_animation_delay&quot;:300}\" data-widget_type=\"heading.default\">\n\t\t\t\t<div class=\"elementor-widget-container\">\n\t\t\t<h2 class=\"elementor-heading-title elementor-size-default\">Conversor de pagamentos<\/h2>\t\t<\/div>\n\t\t\t\t<\/div>\n\t\t\t\t<div class=\"elementor-element elementor-element-41791c7 animated-slow elementor-invisible elementor-widget elementor-widget-text-editor\" data-id=\"41791c7\" data-element_type=\"widget\" data-settings=\"{&quot;_animation&quot;:&quot;fadeIn&quot;,&quot;_animation_delay&quot;:500}\" data-widget_type=\"text-editor.default\">\n\t\t\t\t<div class=\"elementor-widget-container\">\n\t\t\t\t\t\t\t<p>O Portal de Convers\u00e3o de Pagamentos tem o objetivo de converter arquivos nos mais diversos formatos contendo boletos, transfer\u00eancias, pagamentos de concession\u00e1rias de servi\u00e7os e guias de tributos com ou sem c\u00f3digos de barras nos layouts necess\u00e1rios para liquida\u00e7\u00e3o dos pagamentos.<\/p>\t\t\t\t\t\t<\/div>\n\t\t\t\t<\/div>\n\t\t\t\t\t<\/div>\n\t\t\t\t<\/div>\n\t\t\t\t<\/div>\n\t\t<div class=\"elementor-element elementor-element-ce49db0 e-con-full animated-slow e-flex elementor-invisible e-con e-child\" data-id=\"ce49db0\" data-element_type=\"container\" data-settings=\"{&quot;background_background&quot;:&quot;classic&quot;,&quot;animation&quot;:&quot;fadeIn&quot;,&quot;animation_delay&quot;:700}\">\n\t\t\t\t<div class=\"elementor-element elementor-element-66820ad elementor-widget elementor-widget-image\" data-id=\"66820ad\" data-element_type=\"widget\" data-widget_type=\"image.default\">\n\t\t\t\t<div class=\"elementor-widget-container\">\n\t\t\t\t\t\t\t\t\t\t\t\t\t<img fetchpriority=\"high\" decoding=\"async\" width=\"800\" height=\"600\" src=\"https:\/\/site.guasti.com.br\/wp-content\/uploads\/2024\/05\/online-payment-security-concept-3d-phone-bill-1024x768.png\" class=\"attachment-large size-large wp-image-249\" alt=\"\" srcset=\"https:\/\/site.guasti.com.br\/wp-content\/uploads\/2024\/05\/online-payment-security-concept-3d-phone-bill-1024x768.png 1024w, https:\/\/site.guasti.com.br\/wp-content\/uploads\/2024\/05\/online-payment-security-concept-3d-phone-bill-300x225.png 300w, https:\/\/site.guasti.com.br\/wp-content\/uploads\/2024\/05\/online-payment-security-concept-3d-phone-bill-768x576.png 768w, https:\/\/site.guasti.com.br\/wp-content\/uploads\/2024\/05\/online-payment-security-concept-3d-phone-bill-1536x1152.png 1536w, https:\/\/site.guasti.com.br\/wp-content\/uploads\/2024\/05\/online-payment-security-concept-3d-phone-bill.png 2000w\" sizes=\"(max-width: 800px) 100vw, 800px\" \/>\t\t\t\t\t\t\t\t\t\t\t\t\t<\/div>\n\t\t\t\t<\/div>\n\t\t\t\t<\/div>\n\t\t\t\t\t<\/div>\n\t\t\t\t<\/div>\n\t\t<div class=\"elementor-element elementor-element-930ea8f e-flex e-con-boxed e-con e-parent\" data-id=\"930ea8f\" data-element_type=\"container\" data-settings=\"{&quot;background_background&quot;:&quot;gradient&quot;}\">\n\t\t\t\t\t<div class=\"e-con-inner\">\n\t\t<div class=\"elementor-element elementor-element-52ea769 e-flex e-con-boxed e-con e-child\" data-id=\"52ea769\" data-element_type=\"container\">\n\t\t\t\t\t<div class=\"e-con-inner\">\n\t\t\t\t<div class=\"elementor-element elementor-element-d1cd01a animated-slow elementor-invisible elementor-widget elementor-widget-heading\" data-id=\"d1cd01a\" data-element_type=\"widget\" data-settings=\"{&quot;_animation&quot;:&quot;fadeIn&quot;}\" data-widget_type=\"heading.default\">\n\t\t\t\t<div class=\"elementor-widget-container\">\n\t\t\t<h2 class=\"elementor-heading-title elementor-size-default\">PORTAL DE CONVERS\u00c3O DE PAGAMENTOS<\/h2>\t\t<\/div>\n\t\t\t\t<\/div>\n\t\t\t\t<div class=\"elementor-element elementor-element-ce45011 animated-slow elementor-invisible elementor-widget elementor-widget-heading\" data-id=\"ce45011\" data-element_type=\"widget\" data-settings=\"{&quot;_animation&quot;:&quot;fadeIn&quot;,&quot;_animation_delay&quot;:300}\" data-widget_type=\"heading.default\">\n\t\t\t\t<div class=\"elementor-widget-container\">\n\t\t\t<h2 class=\"elementor-heading-title elementor-size-default\">Benef\u00edcios do Conversor de Pagamentos <\/h2>\t\t<\/div>\n\t\t\t\t<\/div>\n\t\t<div class=\"elementor-element elementor-element-5ccec6e e-flex e-con-boxed e-con e-child\" data-id=\"5ccec6e\" data-element_type=\"container\">\n\t\t\t\t\t<div class=\"e-con-inner\">\n\t\t<div class=\"elementor-element elementor-element-3bd2808 e-flex e-con-boxed e-con e-child\" data-id=\"3bd2808\" data-element_type=\"container\" data-settings=\"{&quot;background_background&quot;:&quot;classic&quot;}\">\n\t\t\t\t\t<div class=\"e-con-inner\">\n\t\t\t\t<div class=\"elementor-element elementor-element-c2651ae animated-slow elementor-invisible elementor-widget elementor-widget-heading\" data-id=\"c2651ae\" data-element_type=\"widget\" data-settings=\"{&quot;_animation&quot;:&quot;fadeIn&quot;,&quot;_animation_delay&quot;:300}\" data-widget_type=\"heading.default\">\n\t\t\t\t<div class=\"elementor-widget-container\">\n\t\t\t<h2 class=\"elementor-heading-title elementor-size-default\">V\u00e1rios Formatos de Entrada<\/h2>\t\t<\/div>\n\t\t\t\t<\/div>\n\t\t\t\t<div class=\"elementor-element elementor-element-79787d0 animated-slow elementor-invisible elementor-widget elementor-widget-text-editor\" data-id=\"79787d0\" data-element_type=\"widget\" data-settings=\"{&quot;_animation&quot;:&quot;fadeIn&quot;,&quot;_animation_delay&quot;:500}\" data-widget_type=\"text-editor.default\">\n\t\t\t\t<div class=\"elementor-widget-container\">\n\t\t\t\t\t\t\t<p>Os formatos dos arquivos de entrada e sa\u00edda podem ser texto, Excel ou at\u00e9 mesmo PDF<\/p>\t\t\t\t\t\t<\/div>\n\t\t\t\t<\/div>\n\t\t\t\t\t<\/div>\n\t\t\t\t<\/div>\n\t\t<div class=\"elementor-element elementor-element-eff5e03 e-flex e-con-boxed e-con e-child\" data-id=\"eff5e03\" data-element_type=\"container\" data-settings=\"{&quot;background_background&quot;:&quot;classic&quot;}\">\n\t\t\t\t\t<div class=\"e-con-inner\">\n\t\t\t\t<div class=\"elementor-element elementor-element-471d886 animated-slow elementor-invisible elementor-widget elementor-widget-heading\" data-id=\"471d886\" data-element_type=\"widget\" data-settings=\"{&quot;_animation&quot;:&quot;fadeIn&quot;,&quot;_animation_delay&quot;:300}\" data-widget_type=\"heading.default\">\n\t\t\t\t<div class=\"elementor-widget-container\">\n\t\t\t<h2 class=\"elementor-heading-title elementor-size-default\">Automa\u00e7\u00e3o<\/h2>\t\t<\/div>\n\t\t\t\t<\/div>\n\t\t\t\t<div class=\"elementor-element elementor-element-06d5148 animated-slow elementor-invisible elementor-widget elementor-widget-text-editor\" data-id=\"06d5148\" data-element_type=\"widget\" data-settings=\"{&quot;_animation&quot;:&quot;fadeIn&quot;,&quot;_animation_delay&quot;:500}\" data-widget_type=\"text-editor.default\">\n\t\t\t\t<div class=\"elementor-widget-container\">\n\t\t\t\t\t\t\t<p>O Portal de Convers\u00e3o de Pagamentos auxilia na automa\u00e7\u00e3o do fluxo de pagamentos das empresas, com a possibilidade de importa\u00e7\u00e3o, processamento e transmiss\u00e3o do arquivo de pagamento<\/p>\t\t\t\t\t\t<\/div>\n\t\t\t\t<\/div>\n\t\t\t\t\t<\/div>\n\t\t\t\t<\/div>\n\t\t<div class=\"elementor-element elementor-element-8add425 e-flex e-con-boxed e-con e-child\" data-id=\"8add425\" data-element_type=\"container\" data-settings=\"{&quot;background_background&quot;:&quot;classic&quot;}\">\n\t\t\t\t\t<div class=\"e-con-inner\">\n\t\t\t\t<div class=\"elementor-element elementor-element-cd4fa6a animated-slow elementor-invisible elementor-widget elementor-widget-heading\" data-id=\"cd4fa6a\" data-element_type=\"widget\" data-settings=\"{&quot;_animation&quot;:&quot;fadeIn&quot;,&quot;_animation_delay&quot;:300}\" data-widget_type=\"heading.default\">\n\t\t\t\t<div class=\"elementor-widget-container\">\n\t\t\t<h2 class=\"elementor-heading-title elementor-size-default\">Mitiga\u00e7\u00e3o de Erros<\/h2>\t\t<\/div>\n\t\t\t\t<\/div>\n\t\t\t\t<div class=\"elementor-element elementor-element-4c19875 animated-slow elementor-invisible elementor-widget elementor-widget-text-editor\" data-id=\"4c19875\" data-element_type=\"widget\" data-settings=\"{&quot;_animation&quot;:&quot;fadeIn&quot;,&quot;_animation_delay&quot;:500}\" data-widget_type=\"text-editor.default\">\n\t\t\t\t<div class=\"elementor-widget-container\">\n\t\t\t\t\t\t\t<p>Com a automa\u00e7\u00e3o do fluxo de pagamentos, a digita\u00e7\u00e3o deixa de existir e com ela a possibilidade de erros<\/p>\t\t\t\t\t\t<\/div>\n\t\t\t\t<\/div>\n\t\t\t\t\t<\/div>\n\t\t\t\t<\/div>\n\t\t\t\t\t<\/div>\n\t\t\t\t<\/div>\n\t\t\t\t\t<\/div>\n\t\t\t\t<\/div>\n\t\t<div class=\"elementor-element elementor-element-02acd90 e-flex e-con-boxed e-con e-child\" data-id=\"02acd90\" data-element_type=\"container\">\n\t\t\t\t\t<div class=\"e-con-inner\">\n\t\t<div class=\"elementor-element elementor-element-d99c546 jkit-sticky-element--enabled e-flex e-con-boxed jkit-sticky-element-on--down jkit-sticky-position--sticky e-con e-child\" data-id=\"d99c546\" data-element_type=\"container\" data-settings=\"{&quot;background_background&quot;:&quot;classic&quot;,&quot;jkit_sticky_device&quot;:&quot;desktop&quot;,&quot;jkit_sticky_top_position&quot;:{&quot;unit&quot;:&quot;px&quot;,&quot;size&quot;:0,&quot;sizes&quot;:[]}}\">\n\t\t\t\t\t<div class=\"e-con-inner\">\n\t\t<div class=\"elementor-element elementor-element-2267eed e-flex e-con-boxed e-con e-child\" data-id=\"2267eed\" data-element_type=\"container\">\n\t\t\t\t\t<div class=\"e-con-inner\">\n\t\t\t\t<div class=\"elementor-element elementor-element-e379aa3 animated-slow elementor-invisible elementor-widget elementor-widget-heading\" data-id=\"e379aa3\" data-element_type=\"widget\" data-settings=\"{&quot;_animation&quot;:&quot;fadeIn&quot;}\" data-widget_type=\"heading.default\">\n\t\t\t\t<div class=\"elementor-widget-container\">\n\t\t\t<h2 class=\"elementor-heading-title elementor-size-default\">Fale com um especialista<\/h2>\t\t<\/div>\n\t\t\t\t<\/div>\n\t\t\t\t<div class=\"elementor-element elementor-element-dd81803 animated-slow elementor-invisible elementor-widget elementor-widget-heading\" data-id=\"dd81803\" data-element_type=\"widget\" data-settings=\"{&quot;_animation&quot;:&quot;fadeIn&quot;,&quot;_animation_delay&quot;:300}\" data-widget_type=\"heading.default\">\n\t\t\t\t<div class=\"elementor-widget-container\">\n\t\t\t<h2 class=\"elementor-heading-title elementor-size-default\">Chegou a hora de impulsionar o seu neg\u00f3cio com quem j\u00e1 cria sucessos a mais de 30 anos<\/h2>\t\t<\/div>\n\t\t\t\t<\/div>\n\t\t\t\t<div class=\"elementor-element elementor-element-3db3fe9 elementor-widget elementor-widget-html\" data-id=\"3db3fe9\" data-element_type=\"widget\" data-widget_type=\"html.default\">\n\t\t\t\t<div class=\"elementor-widget-container\">\n\t\t\t<div data-tf-live=\"01HZMYZR51B7H6C7GVJ468WKJ3\"><\/div><script src=\"\/\/embed.typeform.com\/next\/embed.js\"><\/script>\t\t<\/div>\n\t\t\t\t<\/div>\n\t\t\t\t\t<\/div>\n\t\t\t\t<\/div>\n\t\t\t\t\t<\/div>\n\t\t\t\t<\/div>\n\t\t\t\t\t<\/div>\n\t\t\t\t<\/div>\n\t\t\t\t\t<\/div>\n\t\t\t\t<\/div>\n\t\t\t\t<\/div>\n\t\t","protected":false},"excerpt":{"rendered":"<p>Conversor de pagamentos O Portal de Convers\u00e3o de Pagamentos tem o objetivo de converter arquivos nos mais diversos formatos contendo boletos, transfer\u00eancias, pagamentos de concession\u00e1rias de servi\u00e7os e guias de tributos com ou sem c\u00f3digos de barras nos layouts necess\u00e1rios para liquida\u00e7\u00e3o dos pagamentos. PORTAL DE CONVERS\u00c3O DE PAGAMENTOS Benef\u00edcios do Conversor de Pagamentos V\u00e1rios [&hellip;]<\/p>\n","protected":false},"author":1,"featured_media":0,"parent":0,"menu_order":0,"comment_status":"closed","ping_status":"closed","template":"","meta":{"footnotes":""},"_links":{"self":[{"href":"https:\/\/site.guasti.com.br\/index.php\/wp-json\/wp\/v2\/pages\/115"}],"collection":[{"href":"https:\/\/site.guasti.com.br\/index.php\/wp-json\/wp\/v2\/pages"}],"about":[{"href":"https:\/\/site.guasti.com.br\/index.php\/wp-json\/wp\/v2\/types\/page"}],"author":[{"embeddable":true,"href":"https:\/\/site.guasti.com.br\/index.php\/wp-json\/wp\/v2\/users\/1"}],"replies":[{"embeddable":true,"href":"https:\/\/site.guasti.com.br\/index.php\/wp-json\/wp\/v2\/comments?post=115"}],"version-history":[{"count":25,"href":"https:\/\/site.guasti.com.br\/index.php\/wp-json\/wp\/v2\/pages\/115\/revisions"}],"predecessor-version":[{"id":442,"href":"https:\/\/site.guasti.com.br\/index.php\/wp-json\/wp\/v2\/pages\/115\/revisions\/442"}],"wp:attachment":[{"href":"https:\/\/site.guasti.com.br\/index.php\/wp-json\/wp\/v2\/media?parent=115"}],"curies":[{"name":"wp","href":"https:\/\/api.w.org\/{rel}","templated":true}]}}