{"id":152,"date":"2024-05-14T13:45:15","date_gmt":"2024-05-14T13:45:15","guid":{"rendered":"https:\/\/tyra.pro\/guasti\/?page_id=152"},"modified":"2024-06-06T18:20:14","modified_gmt":"2024-06-06T18:20:14","slug":"credito-consignado","status":"publish","type":"page","link":"https:\/\/site.guasti.com.br\/index.php\/credito-consignado\/","title":{"rendered":"Cr\u00e9dito Consignado"},"content":{"rendered":"\t\t<div data-elementor-type=\"wp-page\" data-elementor-id=\"152\" class=\"elementor elementor-152\">\n\t\t\t\t<div class=\"elementor-element elementor-element-7a6d6da e-flex e-con-boxed e-con e-parent\" data-id=\"7a6d6da\" data-element_type=\"container\" data-settings=\"{&quot;background_background&quot;:&quot;classic&quot;}\">\n\t\t\t\t\t<div class=\"e-con-inner\">\n\t\t<div class=\"elementor-element elementor-element-4a3a844 e-con-full animated-slow e-flex elementor-invisible e-con e-child\" data-id=\"4a3a844\" data-element_type=\"container\" data-settings=\"{&quot;background_background&quot;:&quot;classic&quot;,&quot;animation&quot;:&quot;fadeIn&quot;,&quot;animation_delay&quot;:700}\">\n\t\t\t\t<div class=\"elementor-element elementor-element-14c052a elementor-widget elementor-widget-image\" data-id=\"14c052a\" data-element_type=\"widget\" data-widget_type=\"image.default\">\n\t\t\t\t<div class=\"elementor-widget-container\">\n\t\t\t\t\t\t\t\t\t\t\t\t\t<img fetchpriority=\"high\" decoding=\"async\" width=\"800\" height=\"800\" src=\"https:\/\/site.guasti.com.br\/wp-content\/uploads\/2024\/05\/Credit-card-bro-1024x1024.png\" class=\"attachment-large size-large wp-image-270\" alt=\"\" srcset=\"https:\/\/site.guasti.com.br\/wp-content\/uploads\/2024\/05\/Credit-card-bro-1024x1024.png 1024w, https:\/\/site.guasti.com.br\/wp-content\/uploads\/2024\/05\/Credit-card-bro-300x300.png 300w, https:\/\/site.guasti.com.br\/wp-content\/uploads\/2024\/05\/Credit-card-bro-150x150.png 150w, https:\/\/site.guasti.com.br\/wp-content\/uploads\/2024\/05\/Credit-card-bro-768x768.png 768w, https:\/\/site.guasti.com.br\/wp-content\/uploads\/2024\/05\/Credit-card-bro-1536x1536.png 1536w, https:\/\/site.guasti.com.br\/wp-content\/uploads\/2024\/05\/Credit-card-bro.png 2000w\" sizes=\"(max-width: 800px) 100vw, 800px\" \/>\t\t\t\t\t\t\t\t\t\t\t\t\t<\/div>\n\t\t\t\t<\/div>\n\t\t\t\t<\/div>\n\t\t<div class=\"elementor-element elementor-element-5dfffcd e-con-full e-flex e-con e-child\" data-id=\"5dfffcd\" data-element_type=\"container\" data-settings=\"{&quot;background_background&quot;:&quot;classic&quot;}\">\n\t\t<div class=\"elementor-element elementor-element-8f3c555 e-flex e-con-boxed e-con e-child\" data-id=\"8f3c555\" data-element_type=\"container\">\n\t\t\t\t\t<div class=\"e-con-inner\">\n\t\t\t\t<div class=\"elementor-element elementor-element-9f5b629 animated-slow elementor-invisible elementor-widget elementor-widget-heading\" data-id=\"9f5b629\" data-element_type=\"widget\" data-settings=\"{&quot;_animation&quot;:&quot;fadeIn&quot;,&quot;_animation_delay&quot;:300}\" data-widget_type=\"heading.default\">\n\t\t\t\t<div class=\"elementor-widget-container\">\n\t\t\t<h2 class=\"elementor-heading-title elementor-size-default\">Cr\u00e9dito Consignado<\/h2>\t\t<\/div>\n\t\t\t\t<\/div>\n\t\t\t\t<div class=\"elementor-element elementor-element-5bd7da9 animated-slow elementor-invisible elementor-widget elementor-widget-text-editor\" data-id=\"5bd7da9\" data-element_type=\"widget\" data-settings=\"{&quot;_animation&quot;:&quot;fadeIn&quot;,&quot;_animation_delay&quot;:500}\" data-widget_type=\"text-editor.default\">\n\t\t\t\t<div class=\"elementor-widget-container\">\n\t\t\t\t\t\t\t<p>O Portal de Cr\u00e9dito Consignado auxilia na averba\u00e7\u00e3o mensal dos contratos por parte dos departamentos de recursos humanos das empresas e fornece informa\u00e7\u00f5es gerenciais para consulta em tempo real para que os funcion\u00e1rios acompanhem o saldo devedor.<\/p><p>A facilidade de integra\u00e7\u00e3o com as empresas permite a importa\u00e7\u00e3o de arquivos nos mais diversos formatos para troca de informa\u00e7\u00f5es. Al\u00e9m disso o repasse ao Banco do valor averbado pode ser recolhido atrav\u00e9s de d\u00e9bito em conta ou gera\u00e7\u00e3o de boletos al\u00e9m de permitir tratamento de arquivos de Base de Margem e Baixa de Margem.<\/p>\t\t\t\t\t\t<\/div>\n\t\t\t\t<\/div>\n\t\t\t\t\t<\/div>\n\t\t\t\t<\/div>\n\t\t\t\t<\/div>\n\t\t\t\t\t<\/div>\n\t\t\t\t<\/div>\n\t\t<div class=\"elementor-element elementor-element-f5dc8ff e-flex e-con-boxed e-con e-parent\" data-id=\"f5dc8ff\" data-element_type=\"container\" data-settings=\"{&quot;background_background&quot;:&quot;gradient&quot;}\">\n\t\t\t\t\t<div class=\"e-con-inner\">\n\t\t<div class=\"elementor-element elementor-element-30d0d72 e-flex e-con-boxed e-con e-child\" data-id=\"30d0d72\" data-element_type=\"container\">\n\t\t\t\t\t<div class=\"e-con-inner\">\n\t\t\t\t<div class=\"elementor-element elementor-element-5080ad2 animated-slow elementor-invisible elementor-widget elementor-widget-heading\" data-id=\"5080ad2\" data-element_type=\"widget\" data-settings=\"{&quot;_animation&quot;:&quot;fadeIn&quot;}\" data-widget_type=\"heading.default\">\n\t\t\t\t<div class=\"elementor-widget-container\">\n\t\t\t<h2 class=\"elementor-heading-title elementor-size-default\">BENEF\u00cdCIOS<\/h2>\t\t<\/div>\n\t\t\t\t<\/div>\n\t\t\t\t<div class=\"elementor-element elementor-element-217abc8 animated-slow elementor-invisible elementor-widget elementor-widget-heading\" data-id=\"217abc8\" data-element_type=\"widget\" data-settings=\"{&quot;_animation&quot;:&quot;fadeIn&quot;,&quot;_animation_delay&quot;:300}\" data-widget_type=\"heading.default\">\n\t\t\t\t<div class=\"elementor-widget-container\">\n\t\t\t<h2 class=\"elementor-heading-title elementor-size-default\">Cr\u00e9dito Consignado<\/h2>\t\t<\/div>\n\t\t\t\t<\/div>\n\t\t<div class=\"elementor-element elementor-element-763f080 e-flex e-con-boxed e-con e-child\" data-id=\"763f080\" data-element_type=\"container\">\n\t\t\t\t\t<div class=\"e-con-inner\">\n\t\t<div class=\"elementor-element elementor-element-ee6e257 e-flex e-con-boxed e-con e-child\" data-id=\"ee6e257\" data-element_type=\"container\" data-settings=\"{&quot;background_background&quot;:&quot;classic&quot;}\">\n\t\t\t\t\t<div class=\"e-con-inner\">\n\t\t\t\t<div class=\"elementor-element elementor-element-2f6c256 animated-slow elementor-invisible elementor-widget elementor-widget-heading\" data-id=\"2f6c256\" data-element_type=\"widget\" data-settings=\"{&quot;_animation&quot;:&quot;fadeIn&quot;,&quot;_animation_delay&quot;:300}\" data-widget_type=\"heading.default\">\n\t\t\t\t<div class=\"elementor-widget-container\">\n\t\t\t<h2 class=\"elementor-heading-title elementor-size-default\">Automa\u00e7\u00e3o<\/h2>\t\t<\/div>\n\t\t\t\t<\/div>\n\t\t\t\t<div class=\"elementor-element elementor-element-24737fc animated-slow elementor-invisible elementor-widget elementor-widget-text-editor\" data-id=\"24737fc\" data-element_type=\"widget\" data-settings=\"{&quot;_animation&quot;:&quot;fadeIn&quot;,&quot;_animation_delay&quot;:500}\" data-widget_type=\"text-editor.default\">\n\t\t\t\t<div class=\"elementor-widget-container\">\n\t\t\t\t\t\t\t<p>A averba\u00e7\u00e3o pode ser realizada de forma autom\u00e1tica sem a utiliza\u00e7\u00e3o do portal.<\/p>\t\t\t\t\t\t<\/div>\n\t\t\t\t<\/div>\n\t\t\t\t\t<\/div>\n\t\t\t\t<\/div>\n\t\t<div class=\"elementor-element elementor-element-8d8fa30 e-flex e-con-boxed e-con e-child\" data-id=\"8d8fa30\" data-element_type=\"container\" data-settings=\"{&quot;background_background&quot;:&quot;classic&quot;}\">\n\t\t\t\t\t<div class=\"e-con-inner\">\n\t\t\t\t<div class=\"elementor-element elementor-element-714f99b animated-slow elementor-invisible elementor-widget elementor-widget-heading\" data-id=\"714f99b\" data-element_type=\"widget\" data-settings=\"{&quot;_animation&quot;:&quot;fadeIn&quot;,&quot;_animation_delay&quot;:300}\" data-widget_type=\"heading.default\">\n\t\t\t\t<div class=\"elementor-widget-container\">\n\t\t\t<h2 class=\"elementor-heading-title elementor-size-default\">Agilidade<\/h2>\t\t<\/div>\n\t\t\t\t<\/div>\n\t\t\t\t<div class=\"elementor-element elementor-element-c342aa7 animated-slow elementor-invisible elementor-widget elementor-widget-text-editor\" data-id=\"c342aa7\" data-element_type=\"widget\" data-settings=\"{&quot;_animation&quot;:&quot;fadeIn&quot;,&quot;_animation_delay&quot;:500}\" data-widget_type=\"text-editor.default\">\n\t\t\t\t<div class=\"elementor-widget-container\">\n\t\t\t\t\t\t\t<p>O RH tem acesso ao Boleto para realizar o repasse logo ap\u00f3s a averba\u00e7\u00e3o.<\/p>\t\t\t\t\t\t<\/div>\n\t\t\t\t<\/div>\n\t\t\t\t\t<\/div>\n\t\t\t\t<\/div>\n\t\t<div class=\"elementor-element elementor-element-e363fea e-flex e-con-boxed e-con e-child\" data-id=\"e363fea\" data-element_type=\"container\" data-settings=\"{&quot;background_background&quot;:&quot;classic&quot;}\">\n\t\t\t\t\t<div class=\"e-con-inner\">\n\t\t\t\t<div class=\"elementor-element elementor-element-7667fca animated-slow elementor-invisible elementor-widget elementor-widget-heading\" data-id=\"7667fca\" data-element_type=\"widget\" data-settings=\"{&quot;_animation&quot;:&quot;fadeIn&quot;,&quot;_animation_delay&quot;:300}\" data-widget_type=\"heading.default\">\n\t\t\t\t<div class=\"elementor-widget-container\">\n\t\t\t<h2 class=\"elementor-heading-title elementor-size-default\">Integra\u00e7\u00e3o<\/h2>\t\t<\/div>\n\t\t\t\t<\/div>\n\t\t\t\t<div class=\"elementor-element elementor-element-2b7dbf7 animated-slow elementor-invisible elementor-widget elementor-widget-text-editor\" data-id=\"2b7dbf7\" data-element_type=\"widget\" data-settings=\"{&quot;_animation&quot;:&quot;fadeIn&quot;,&quot;_animation_delay&quot;:500}\" data-widget_type=\"text-editor.default\">\n\t\t\t\t<div class=\"elementor-widget-container\">\n\t\t\t\t\t\t\t<p>Os arquivos a serem averbados podem ser enviados nos mais diversos formatos.<\/p>\t\t\t\t\t\t<\/div>\n\t\t\t\t<\/div>\n\t\t\t\t\t<\/div>\n\t\t\t\t<\/div>\n\t\t\t\t\t<\/div>\n\t\t\t\t<\/div>\n\t\t\t\t\t<\/div>\n\t\t\t\t<\/div>\n\t\t\t\t\t<\/div>\n\t\t\t\t<\/div>\n\t\t<div class=\"elementor-element elementor-element-a902f15 e-flex e-con-boxed e-con e-parent\" data-id=\"a902f15\" data-element_type=\"container\" data-settings=\"{&quot;background_background&quot;:&quot;classic&quot;}\">\n\t\t\t\t\t<div class=\"e-con-inner\">\n\t\t<div class=\"elementor-element elementor-element-1147f52 e-flex e-con-boxed e-con e-child\" data-id=\"1147f52\" data-element_type=\"container\">\n\t\t\t\t\t<div class=\"e-con-inner\">\n\t\t<div class=\"elementor-element elementor-element-3203791 e-flex e-con-boxed e-con e-child\" data-id=\"3203791\" data-element_type=\"container\">\n\t\t\t\t\t<div class=\"e-con-inner\">\n\t\t<div class=\"elementor-element elementor-element-9fddb17 animated-slow e-flex e-con-boxed elementor-invisible e-con e-child\" data-id=\"9fddb17\" data-element_type=\"container\" data-settings=\"{&quot;background_background&quot;:&quot;classic&quot;,&quot;animation&quot;:&quot;fadeIn&quot;,&quot;animation_delay&quot;:300}\">\n\t\t\t\t\t<div class=\"e-con-inner\">\n\t\t\t\t<div class=\"elementor-element elementor-element-9b188c6 elementor-widget elementor-widget-elementskit-lottie\" data-id=\"9b188c6\" data-element_type=\"widget\" data-widget_type=\"elementskit-lottie.default\">\n\t\t\t\t<div class=\"elementor-widget-container\">\n\t\t\t<div class=\"ekit-wid-con\" ><div id=\"ekit_lottie_9b188c6\" class=\"ekit_lottie\" data-autoplay=\"true\" data-on-scroll=\"\" data-speed=\"1\" data-direction=\"\" data-action=\"\" data-renderer=\"svg\" data-path=\"https:\/\/site.guasti.com.br\/wp-content\/uploads\/2024\/05\/Animation-1715691293582.json\" data-loop=\"true\">&nbsp;<\/div><\/div>\t\t<\/div>\n\t\t\t\t<\/div>\n\t\t\t\t\t<\/div>\n\t\t\t\t<\/div>\n\t\t<div class=\"elementor-element elementor-element-62c584c e-flex e-con-boxed e-con e-child\" data-id=\"62c584c\" data-element_type=\"container\">\n\t\t\t\t\t<div class=\"e-con-inner\">\n\t\t\t\t<div class=\"elementor-element elementor-element-c42b387 animated-slow elementor-invisible elementor-widget elementor-widget-heading\" data-id=\"c42b387\" data-element_type=\"widget\" data-settings=\"{&quot;_animation&quot;:&quot;fadeIn&quot;}\" data-widget_type=\"heading.default\">\n\t\t\t\t<div class=\"elementor-widget-container\">\n\t\t\t<h2 class=\"elementor-heading-title elementor-size-default\">+30 anos de experi\u00eancia<\/h2>\t\t<\/div>\n\t\t\t\t<\/div>\n\t\t\t\t<div class=\"elementor-element elementor-element-33c5432 animated-slow elementor-invisible elementor-widget elementor-widget-heading\" data-id=\"33c5432\" data-element_type=\"widget\" data-settings=\"{&quot;_animation&quot;:&quot;fadeIn&quot;,&quot;_animation_delay&quot;:300}\" data-widget_type=\"heading.default\">\n\t\t\t\t<div class=\"elementor-widget-container\">\n\t\t\t<h2 class=\"elementor-heading-title elementor-size-default\">Resultados Entregues<\/h2>\t\t<\/div>\n\t\t\t\t<\/div>\n\t\t\t\t<div class=\"elementor-element elementor-element-078ead2 elementor-widget-divider--view-line elementor-widget elementor-widget-divider\" data-id=\"078ead2\" data-element_type=\"widget\" data-widget_type=\"divider.default\">\n\t\t\t\t<div class=\"elementor-widget-container\">\n\t\t\t\t\t<div class=\"elementor-divider\">\n\t\t\t<span class=\"elementor-divider-separator\">\n\t\t\t\t\t\t<\/span>\n\t\t<\/div>\n\t\t\t\t<\/div>\n\t\t\t\t<\/div>\n\t\t<div class=\"elementor-element elementor-element-dc2462f e-flex e-con-boxed e-con e-child\" data-id=\"dc2462f\" data-element_type=\"container\">\n\t\t\t\t\t<div class=\"e-con-inner\">\n\t\t<div class=\"elementor-element elementor-element-b3311ad e-con-full animated-slow e-flex elementor-invisible e-con e-child\" data-id=\"b3311ad\" data-element_type=\"container\" data-settings=\"{&quot;background_background&quot;:&quot;classic&quot;,&quot;animation&quot;:&quot;fadeIn&quot;,&quot;animation_delay&quot;:900}\">\n\t\t\t\t<div class=\"elementor-element elementor-element-2e2c8a8 elementor-widget-mobile__width-inherit elementor-widget elementor-widget-counter\" data-id=\"2e2c8a8\" data-element_type=\"widget\" data-widget_type=\"counter.default\">\n\t\t\t\t<div class=\"elementor-widget-container\">\n\t\t\t\t\t<div class=\"elementor-counter\">\n\t\t\t<div class=\"elementor-counter-title\">Contratos Ativos<\/div>\t\t\t<div class=\"elementor-counter-number-wrapper\">\n\t\t\t\t<span class=\"elementor-counter-number-prefix\">+<\/span>\n\t\t\t\t<span class=\"elementor-counter-number\" data-duration=\"2000\" data-to-value=\"872.574\" data-from-value=\"0\" data-delimiter=\",\">0<\/span>\n\t\t\t\t<span class=\"elementor-counter-number-suffix\"> Mil<\/span>\n\t\t\t<\/div>\n\t\t<\/div>\n\t\t\t\t<\/div>\n\t\t\t\t<\/div>\n\t\t\t\t<\/div>\n\t\t<div class=\"elementor-element elementor-element-6fb747e e-con-full animated-slow e-flex elementor-invisible e-con e-child\" data-id=\"6fb747e\" data-element_type=\"container\" data-settings=\"{&quot;background_background&quot;:&quot;classic&quot;,&quot;animation&quot;:&quot;fadeIn&quot;,&quot;animation_delay&quot;:900}\">\n\t\t\t\t<div class=\"elementor-element elementor-element-da81b53 elementor-widget elementor-widget-counter\" data-id=\"da81b53\" data-element_type=\"widget\" data-widget_type=\"counter.default\">\n\t\t\t\t<div class=\"elementor-widget-container\">\n\t\t\t\t\t<div class=\"elementor-counter\">\n\t\t\t<div class=\"elementor-counter-title\">Valor Averbado<\/div>\t\t\t<div class=\"elementor-counter-number-wrapper\">\n\t\t\t\t<span class=\"elementor-counter-number-prefix\">+R$<\/span>\n\t\t\t\t<span class=\"elementor-counter-number\" data-duration=\"2000\" data-to-value=\"12\" data-from-value=\"0\" data-delimiter=\",\">0<\/span>\n\t\t\t\t<span class=\"elementor-counter-number-suffix\"> Milh\u00f5es<\/span>\n\t\t\t<\/div>\n\t\t<\/div>\n\t\t\t\t<\/div>\n\t\t\t\t<\/div>\n\t\t\t\t<\/div>\n\t\t<div class=\"elementor-element elementor-element-d19b40c animated-slow e-con-full e-flex elementor-invisible e-con e-child\" data-id=\"d19b40c\" data-element_type=\"container\" data-settings=\"{&quot;animation&quot;:&quot;fadeIn&quot;,&quot;animation_delay&quot;:900,&quot;background_background&quot;:&quot;classic&quot;}\">\n\t\t\t\t<div class=\"elementor-element elementor-element-5a6f70f elementor-widget elementor-widget-counter\" data-id=\"5a6f70f\" data-element_type=\"widget\" data-widget_type=\"counter.default\">\n\t\t\t\t<div class=\"elementor-widget-container\">\n\t\t\t\t\t<div class=\"elementor-counter\">\n\t\t\t<div class=\"elementor-counter-title\">Layouts tratados<\/div>\t\t\t<div class=\"elementor-counter-number-wrapper\">\n\t\t\t\t<span class=\"elementor-counter-number-prefix\">+<\/span>\n\t\t\t\t<span class=\"elementor-counter-number\" data-duration=\"2000\" data-to-value=\"645\" data-from-value=\"0\" data-delimiter=\",\">0<\/span>\n\t\t\t\t<span class=\"elementor-counter-number-suffix\"><\/span>\n\t\t\t<\/div>\n\t\t<\/div>\n\t\t\t\t<\/div>\n\t\t\t\t<\/div>\n\t\t\t\t<\/div>\n\t\t\t\t\t<\/div>\n\t\t\t\t<\/div>\n\t\t\t\t\t<\/div>\n\t\t\t\t<\/div>\n\t\t\t\t\t<\/div>\n\t\t\t\t<\/div>\n\t\t\t\t\t<\/div>\n\t\t\t\t<\/div>\n\t\t\t\t\t<\/div>\n\t\t\t\t<\/div>\n\t\t<div class=\"elementor-element elementor-element-fef1811 e-flex e-con-boxed e-con e-parent\" data-id=\"fef1811\" data-element_type=\"container\" data-settings=\"{&quot;background_background&quot;:&quot;gradient&quot;}\">\n\t\t\t\t\t<div class=\"e-con-inner\">\n\t\t<div class=\"elementor-element elementor-element-ee41d87 e-flex e-con-boxed e-con e-child\" data-id=\"ee41d87\" data-element_type=\"container\">\n\t\t\t\t\t<div class=\"e-con-inner\">\n\t\t<div class=\"elementor-element elementor-element-16f7920 jkit-sticky-element--enabled e-flex e-con-boxed jkit-sticky-element-on--down jkit-sticky-position--sticky e-con e-child\" data-id=\"16f7920\" data-element_type=\"container\" data-settings=\"{&quot;background_background&quot;:&quot;classic&quot;,&quot;jkit_sticky_device&quot;:&quot;desktop&quot;,&quot;jkit_sticky_top_position&quot;:{&quot;unit&quot;:&quot;px&quot;,&quot;size&quot;:0,&quot;sizes&quot;:[]}}\">\n\t\t\t\t\t<div class=\"e-con-inner\">\n\t\t<div class=\"elementor-element elementor-element-d2bc6e5 e-flex e-con-boxed e-con e-child\" data-id=\"d2bc6e5\" data-element_type=\"container\">\n\t\t\t\t\t<div class=\"e-con-inner\">\n\t\t\t\t<div class=\"elementor-element elementor-element-80c75a8 animated-slow elementor-invisible elementor-widget elementor-widget-heading\" data-id=\"80c75a8\" data-element_type=\"widget\" data-settings=\"{&quot;_animation&quot;:&quot;fadeIn&quot;}\" data-widget_type=\"heading.default\">\n\t\t\t\t<div class=\"elementor-widget-container\">\n\t\t\t<h2 class=\"elementor-heading-title elementor-size-default\">Fale com um especialista<\/h2>\t\t<\/div>\n\t\t\t\t<\/div>\n\t\t\t\t<div class=\"elementor-element elementor-element-55675a0 animated-slow elementor-invisible elementor-widget elementor-widget-heading\" data-id=\"55675a0\" data-element_type=\"widget\" data-settings=\"{&quot;_animation&quot;:&quot;fadeIn&quot;,&quot;_animation_delay&quot;:300}\" data-widget_type=\"heading.default\">\n\t\t\t\t<div class=\"elementor-widget-container\">\n\t\t\t<h2 class=\"elementor-heading-title elementor-size-default\">Chegou a hora de impulsionar o seu neg\u00f3cio com quem j\u00e1 cria sucessos a mais de 30 anos<\/h2>\t\t<\/div>\n\t\t\t\t<\/div>\n\t\t\t\t<div class=\"elementor-element elementor-element-e6bbc2c elementor-widget elementor-widget-html\" data-id=\"e6bbc2c\" data-element_type=\"widget\" data-widget_type=\"html.default\">\n\t\t\t\t<div class=\"elementor-widget-container\">\n\t\t\t<div data-tf-live=\"01HZMYZR51B7H6C7GVJ468WKJ3\"><\/div><script src=\"\/\/embed.typeform.com\/next\/embed.js\"><\/script>\t\t<\/div>\n\t\t\t\t<\/div>\n\t\t\t\t\t<\/div>\n\t\t\t\t<\/div>\n\t\t\t\t\t<\/div>\n\t\t\t\t<\/div>\n\t\t\t\t\t<\/div>\n\t\t\t\t<\/div>\n\t\t\t\t\t<\/div>\n\t\t\t\t<\/div>\n\t\t\t\t<\/div>\n\t\t","protected":false},"excerpt":{"rendered":"<p>Cr\u00e9dito Consignado O Portal de Cr\u00e9dito Consignado auxilia na averba\u00e7\u00e3o mensal dos contratos por parte dos departamentos de recursos humanos das empresas e fornece informa\u00e7\u00f5es gerenciais para consulta em tempo real para que os funcion\u00e1rios acompanhem o saldo devedor. A facilidade de integra\u00e7\u00e3o com as empresas permite a importa\u00e7\u00e3o de arquivos nos mais diversos formatos [&hellip;]<\/p>\n","protected":false},"author":1,"featured_media":0,"parent":0,"menu_order":0,"comment_status":"closed","ping_status":"closed","template":"","meta":{"footnotes":""},"_links":{"self":[{"href":"https:\/\/site.guasti.com.br\/index.php\/wp-json\/wp\/v2\/pages\/152"}],"collection":[{"href":"https:\/\/site.guasti.com.br\/index.php\/wp-json\/wp\/v2\/pages"}],"about":[{"href":"https:\/\/site.guasti.com.br\/index.php\/wp-json\/wp\/v2\/types\/page"}],"author":[{"embeddable":true,"href":"https:\/\/site.guasti.com.br\/index.php\/wp-json\/wp\/v2\/users\/1"}],"replies":[{"embeddable":true,"href":"https:\/\/site.guasti.com.br\/index.php\/wp-json\/wp\/v2\/comments?post=152"}],"version-history":[{"count":25,"href":"https:\/\/site.guasti.com.br\/index.php\/wp-json\/wp\/v2\/pages\/152\/revisions"}],"predecessor-version":[{"id":461,"href":"https:\/\/site.guasti.com.br\/index.php\/wp-json\/wp\/v2\/pages\/152\/revisions\/461"}],"wp:attachment":[{"href":"https:\/\/site.guasti.com.br\/index.php\/wp-json\/wp\/v2\/media?parent=152"}],"curies":[{"name":"wp","href":"https:\/\/api.w.org\/{rel}","templated":true}]}}